{"id":2,"date":"2025-01-15T13:05:09","date_gmt":"2025-01-15T13:05:09","guid":{"rendered":"https:\/\/salvationarmy.ca\/atlantic\/?page_id=2"},"modified":"2026-03-09T15:42:33","modified_gmt":"2026-03-09T15:42:33","slug":"sample-page","status":"publish","type":"page","link":"https:\/\/salvationarmy.ca\/atlantic\/","title":{"rendered":"Atlantic Homepage"},"content":{"rendered":"    \r\n    <div id=\"hero_section-block_19d5fe4bc0189a22daf9ac215cb4528a\" class=\"bottom b-hero_section hero_section_position_center\" style=\"background:url(https:\/\/salvationarmy.ca\/atlantic\/wp-content\/uploads\/sites\/3\/2026\/03\/NS_Halifax_Meal_2025_01-51-scaled.jpg)\">\r\n        <div class=\"section hero_active_gradient\">\r\n\r\n                    <div>\r\n                \r\n                                    <h1 style=\"color:#FFFFFF\">Atlantic Division<\/h1>\r\n                \r\n                \r\n            <\/div>\r\n        \r\n        <\/div>\r\n    <\/div>\r\n\r\n\n\n\n\n    <div id=\"text-two-column-shadow-block_a45e6cf210b7d1078a3de2d82fa8d491\" class=\"bottom b-text-two-column-shadow row\" data-animate >\n        <div class=\"two-column section_type_3\">\n                \n                                                            \n                                    \n                        <div class=\"column-1 column-with-images-1\" style=\"background: no-repeat\">\n                            <a href=\"\/atlantic\/event\/\" class=\"column_link\" type=\"button\" target=\"_self\" aria-label=\"Events\">\n                                                                        <img class=\"image_poistion_right\" src=\"https:\/\/salvationarmy.ca\/atlantic\/wp-content\/uploads\/sites\/3\/2025\/01\/Atlantic-Division-Events.png\" alt=\"\" width=\"100%\" height=\"100%\"> \n                                                    \n                                                                            <span class=\"sub_title_span\" role=\"heading\" aria-level=\"2\" style=\"color:#ffffff\">Events<\/span>\n                                                                <\/a>\n                        <\/div> \n                    \n                         \n\n                      \n\n                    \n\n\n        \n                                            \n\n                      \n                        <div class=\"column-2 column-with-images-2\" style=\"background: no-repeat\">\n                            <a href=\"https:\/\/salvationarmy.ca\/atlantic\/contact-us\/\" class=\"column_link\" type=\"button\" target=\"_self\" aria-label=\"Contact Us\">\n                                                                        <img class=\"image_poistion_center\" src=\"https:\/\/salvationarmy.ca\/atlantic\/wp-content\/uploads\/sites\/3\/2025\/02\/Victoria-Sunset-Lodge-June202320-5.png\" alt=\"\" width=\"100%\" height=\"100%\"> \n                                                    \n                                                                            <span class=\"sub_title_span\" role=\"heading\" aria-level=\"2\" style=\"color:#ffffff\">Contact Us<\/span>\n                                                                <\/a>\n                        <\/div> \n                         \n\n                    \n            \n        <\/div>\n    <\/div>\n\n\n    \r\n    <span class=\"block_separator\"><\/span>\r\n    <div id=\"custom_post-block_5ffb91aeb7f0ba2df6dd98749c5fa4be\" class=\"news news-stories\">\r\n\r\n                    <div class=\"header-posts\"> \r\n                <span class=\"title_span\" role=\"heading\" aria-level=\"2\" class=\"news-stories__title\">News and Stories<\/span>\r\n            <\/div>\r\n        \r\n         <div class=\"news__container custom_post_container\">\r\n\r\n              \r\n                        <div class=\"post\">\r\n                            <a href=\"https:\/\/salvationarmy.ca\/atlantic\/2026\/03\/the-salvation-army-in-saint-john-steps-up-for-a-good-cause\/\" aria-label=\"The Salvation Army in Saint John Steps Up for a Good Cause\"><img src=\"https:\/\/salvationarmy.ca\/atlantic\/wp-content\/uploads\/sites\/3\/2026\/03\/Coldest-night-web-image.jpg\" alt=\"The Salvation Army in Saint John Steps Up for a Good Cause\" style=\"width: 100%;\" aria-hidden=\"true\"><\/a>\r\n                            <div class=\"post-details\">\r\n                                <div class=\"title_content\" role=\"heading\" aria-level=\"2\">\r\n                                    <a href=\"https:\/\/salvationarmy.ca\/atlantic\/2026\/03\/the-salvation-army-in-saint-john-steps-up-for-a-good-cause\/\"  aria-label=\"The Salvation Army in Saint John Steps Up for a Good Cause\" class=\"post-title sub_title_span\">The Salvation Army in Saint John Steps Up for a Good Cause<\/a>\r\n                                <\/div>\r\n                                <div class=\"post_info\">\r\n                                    <div class=\"post-content\">\r\n                                        <span>\r\n                                        Cold Night of the Year (CNOY) is an annual fundraising walk held in cities and towns across Canada. Its goal is to raise money for those experiencing hurt, hunger and&#8230;                                        <\/span>\r\n                                    <\/div>\r\n                                    <div class=\"post-tags\">\r\n                                        <div class=\"author-tag\">\r\n                                            <span class=\"category\" >Featured<\/span> , <span class=\"category\" >General Interest<\/span>                                         <\/div>\r\n                                        <span class=\"date\">12th March 2026 <\/span>\r\n                                    <\/div>\r\n                                <\/div>\r\n                            <\/div>\r\n                        <\/div>\r\n                  \r\n                        <div class=\"post\">\r\n                            <a href=\"https:\/\/salvationarmy.ca\/atlantic\/2026\/03\/international-womens-day-celebrating-female-leadership-in-the-salvation-army\/\" aria-label=\"International Women\u2019s Day: Celebrating Female Leadership in The Salvation Army\"><img src=\"https:\/\/salvationarmy.ca\/atlantic\/wp-content\/uploads\/sites\/3\/2026\/03\/Web-Slider-13x3.5-in-10.png\" alt=\"International Women\u2019s Day: Celebrating Female Leadership in The Salvation Army\" style=\"width: 100%;\" aria-hidden=\"true\"><\/a>\r\n                            <div class=\"post-details\">\r\n                                <div class=\"title_content\" role=\"heading\" aria-level=\"2\">\r\n                                    <a href=\"https:\/\/salvationarmy.ca\/atlantic\/2026\/03\/international-womens-day-celebrating-female-leadership-in-the-salvation-army\/\"  aria-label=\"International Women\u2019s Day: Celebrating Female Leadership in The Salvation Army\" class=\"post-title sub_title_span\">International Women\u2019s Day: Celebrating Female Leadership in The Salvation Army<\/a>\r\n                                <\/div>\r\n                                <div class=\"post_info\">\r\n                                    <div class=\"post-content\">\r\n                                        <span>\r\n                                        March 8, 2026 marks International Women\u2019s Day\u2014a day that celebrates women\u2019s empowerment and advocates for gender equality. Thankfully, The Salvation Army is no stranger to elevating women in leadership and&#8230;                                        <\/span>\r\n                                    <\/div>\r\n                                    <div class=\"post-tags\">\r\n                                        <div class=\"author-tag\">\r\n                                            <span class=\"category\" >General Interest<\/span>                                         <\/div>\r\n                                        <span class=\"date\">6th March 2026 <\/span>\r\n                                    <\/div>\r\n                                <\/div>\r\n                            <\/div>\r\n                        <\/div>\r\n                  \r\n                        <div class=\"post\">\r\n                            <a href=\"https:\/\/salvationarmy.ca\/atlantic\/2026\/03\/labri-despoir-creer-un-environnement-sur-pour-des-femmes-en-difficulte\/\" aria-label=\"L\u2019Abri d\u2019espoir : Cr\u00e9er un environnement s\u00fbr pour des femmes en difficult\u00e9\"><img src=\"https:\/\/salvationarmy.ca\/atlantic\/wp-content\/uploads\/sites\/3\/2026\/03\/International-Womens-Day-6.png\" alt=\"L\u2019Abri d\u2019espoir : Cr\u00e9er un environnement s\u00fbr pour des femmes en difficult\u00e9\" style=\"width: 100%;\" aria-hidden=\"true\"><\/a>\r\n                            <div class=\"post-details\">\r\n                                <div class=\"title_content\" role=\"heading\" aria-level=\"2\">\r\n                                    <a href=\"https:\/\/salvationarmy.ca\/atlantic\/2026\/03\/labri-despoir-creer-un-environnement-sur-pour-des-femmes-en-difficulte\/\"  aria-label=\"L\u2019Abri d\u2019espoir : Cr\u00e9er un environnement s\u00fbr pour des femmes en difficult\u00e9\" class=\"post-title sub_title_span\">L\u2019Abri d\u2019espoir : Cr\u00e9er un environnement s\u00fbr pour des femmes en difficult\u00e9<\/a>\r\n                                <\/div>\r\n                                <div class=\"post_info\">\r\n                                    <div class=\"post-content\">\r\n                                        <span>\r\n                                        En cette Journ\u00e9e internationale de la femme, nous rendons hommage \u00e0 toutes les femmes, en particulier pour le courage, la force et la r\u00e9silience de celles qui reb\u00e2tissent leur vie&#8230;                                        <\/span>\r\n                                    <\/div>\r\n                                    <div class=\"post-tags\">\r\n                                        <div class=\"author-tag\">\r\n                                            <span class=\"category\" >General Interest<\/span>                                         <\/div>\r\n                                        <span class=\"date\">5th March 2026 <\/span>\r\n                                    <\/div>\r\n                                <\/div>\r\n                            <\/div>\r\n                        <\/div>\r\n                  \r\n                        <div class=\"post\">\r\n                            <a href=\"https:\/\/salvationarmy.ca\/atlantic\/2026\/03\/students-slices-and-smiles-parking-lot-pizza-creates-caring-space-for-local-youth\/\" aria-label=\"Students, Slices, and Smiles: Parking Lot Pizza Creates Caring Space for Local Youth\"><img src=\"https:\/\/salvationarmy.ca\/atlantic\/wp-content\/uploads\/sites\/3\/2026\/03\/processed-155E9744-F6F7-4A80-B7AD-76257947F44C-1.jpeg\" alt=\"Students, Slices, and Smiles: Parking Lot Pizza Creates Caring Space for Local Youth\" style=\"width: 100%;\" aria-hidden=\"true\"><\/a>\r\n                            <div class=\"post-details\">\r\n                                <div class=\"title_content\" role=\"heading\" aria-level=\"2\">\r\n                                    <a href=\"https:\/\/salvationarmy.ca\/atlantic\/2026\/03\/students-slices-and-smiles-parking-lot-pizza-creates-caring-space-for-local-youth\/\"  aria-label=\"Students, Slices, and Smiles: Parking Lot Pizza Creates Caring Space for Local Youth\" class=\"post-title sub_title_span\">Students, Slices, and Smiles: Parking Lot Pizza Creates Caring Space for Local Youth<\/a>\r\n                                <\/div>\r\n                                <div class=\"post_info\">\r\n                                    <div class=\"post-content\">\r\n                                        <span>\r\n                                        Salvation Army volunteer, Stephen Jones, ready to welcome students to Parking Lot Pizza. It\u2019s lunchtime and the smell of fresh pepperoni pizza fills the air as you enter The Salvation&#8230;                                        <\/span>\r\n                                    <\/div>\r\n                                    <div class=\"post-tags\">\r\n                                        <div class=\"author-tag\">\r\n                                            <span class=\"category\" >General Interest<\/span>                                         <\/div>\r\n                                        <span class=\"date\">5th March 2026 <\/span>\r\n                                    <\/div>\r\n                                <\/div>\r\n                            <\/div>\r\n                        <\/div>\r\n                  \r\n                        <div class=\"post\">\r\n                            <a href=\"https:\/\/salvationarmy.ca\/atlantic\/2026\/02\/a-second-helping-of-good-food-for-neighbours-in-need\/\" aria-label=\"A Second Helping of Good Food for Neighbours in Need\"><img src=\"https:\/\/salvationarmy.ca\/atlantic\/wp-content\/uploads\/sites\/3\/2026\/02\/IMG_6122-5.jpg\" alt=\"A Second Helping of Good Food for Neighbours in Need\" style=\"width: 100%;\" aria-hidden=\"true\"><\/a>\r\n                            <div class=\"post-details\">\r\n                                <div class=\"title_content\" role=\"heading\" aria-level=\"2\">\r\n                                    <a href=\"https:\/\/salvationarmy.ca\/atlantic\/2026\/02\/a-second-helping-of-good-food-for-neighbours-in-need\/\"  aria-label=\"A Second Helping of Good Food for Neighbours in Need\" class=\"post-title sub_title_span\">A Second Helping of Good Food for Neighbours in Need<\/a>\r\n                                <\/div>\r\n                                <div class=\"post_info\">\r\n                                    <div class=\"post-content\">\r\n                                        <span>\r\n                                        Food. Good Food.&nbsp;It\u2019s&nbsp;one of the pillars of life that we&nbsp;can\u2019t&nbsp;live without. Currently in Canada, food insecurity is&nbsp;a major concern for&nbsp;many people. While there are programs and&nbsp;services&nbsp;that&nbsp;provide&nbsp;food to those experiencing challenges,&nbsp;some&nbsp;neighbours&nbsp;need&nbsp;a&nbsp;little&#8230;                                        <\/span>\r\n                                    <\/div>\r\n                                    <div class=\"post-tags\">\r\n                                        <div class=\"author-tag\">\r\n                                            <span class=\"category\" >General Interest<\/span>                                         <\/div>\r\n                                        <span class=\"date\">23rd February 2026 <\/span>\r\n                                    <\/div>\r\n                                <\/div>\r\n                            <\/div>\r\n                        <\/div>\r\n                  \r\n                        <div class=\"post\">\r\n                            <a href=\"https:\/\/salvationarmy.ca\/atlantic\/2026\/02\/welcome-home-in-moncton-n-b-addresses-housing-instability\/\" aria-label=\"Welcome Home in Moncton, N.B., Addresses Housing Instability\"><img src=\"https:\/\/salvationarmy.ca\/atlantic\/wp-content\/uploads\/sites\/3\/2026\/03\/1500x900-scaled.png\" alt=\"Welcome Home in Moncton, N.B., Addresses Housing Instability\" style=\"width: 100%;\" aria-hidden=\"true\"><\/a>\r\n                            <div class=\"post-details\">\r\n                                <div class=\"title_content\" role=\"heading\" aria-level=\"2\">\r\n                                    <a href=\"https:\/\/salvationarmy.ca\/atlantic\/2026\/02\/welcome-home-in-moncton-n-b-addresses-housing-instability\/\"  aria-label=\"Welcome Home in Moncton, N.B., Addresses Housing Instability\" class=\"post-title sub_title_span\">Welcome Home in Moncton, N.B., Addresses Housing Instability<\/a>\r\n                                <\/div>\r\n                                <div class=\"post_info\">\r\n                                    <div class=\"post-content\">\r\n                                        <span>\r\n                                        For people who are experiencing homelessness, the first few months after transitioning into housing can be challenging. The transition can come with financial stresses, food insecurity, trouble navigating systems and&#8230;                                        <\/span>\r\n                                    <\/div>\r\n                                    <div class=\"post-tags\">\r\n                                        <div class=\"author-tag\">\r\n                                            <span class=\"category\" >Featured<\/span> , <span class=\"category\" >General Interest<\/span>                                         <\/div>\r\n                                        <span class=\"date\">13th February 2026 <\/span>\r\n                                    <\/div>\r\n                                <\/div>\r\n                            <\/div>\r\n                        <\/div>\r\n                        <\/div>\r\n\r\n        \r\n                    <div class=\"view-more-btn\">\r\n            \r\n                    <a href=\"https:\/\/salvationarmy.ca\/atlantic\/news\/\" class=\"view-all button view_buttons\" type=\"button\" target=\"_self\" aria-label=\"View All News and Stories\">\r\n                        View All News and Stories                    <\/a>  \r\n            <\/div>\r\n        \r\n    <\/div>\r\n\n\n    \r\n    <div id=\"button-block_fd0dfffd4e89d4721ceefc7ece551e98\" class=\"bottom b-button\">\r\n        <div class=\"section\">\r\n            <div class=\"column_1\">  \r\n                <div class=\"section_button \">\r\n                                    <\/div>\r\n            <\/div>\r\n\r\n        <\/div>\r\n    <\/div>\r\n\r\n","protected":false},"excerpt":{"rendered":"","protected":false},"author":5,"featured_media":1150,"parent":0,"menu_order":0,"comment_status":"closed","ping_status":"open","template":"","meta":{"_acf_changed":false,"inline_featured_image":false,"_monsterinsights_skip_tracking":false,"_monsterinsights_sitenote_active":false,"_monsterinsights_sitenote_note":"","_monsterinsights_sitenote_category":0,"footnotes":"","_links_to":"","_links_to_target":""},"class_list":["post-2","page","type-page","status-publish","has-post-thumbnail","hentry"],"acf":[],"yoast_head":"<!-- This site is optimized with the Yoast SEO plugin v26.7 - https:\/\/yoast.com\/wordpress\/plugins\/seo\/ -->\n<title>Atlantic Homepage - Salvation Army Atlantic<\/title>\n<meta name=\"description\" content=\"Discover how The Salvation Army is making a local impact in Atlantic Canada through programs and partnerships.\" \/>\n<meta name=\"robots\" content=\"index, follow, max-snippet:-1, max-image-preview:large, max-video-preview:-1\" \/>\n<link rel=\"canonical\" href=\"https:\/\/salvationarmy.ca\/atlantic\/\" \/>\n<meta property=\"og:locale\" content=\"en_US\" \/>\n<meta property=\"og:type\" content=\"article\" \/>\n<meta property=\"og:title\" content=\"Atlantic Homepage - Salvation Army Atlantic\" \/>\n<meta property=\"og:description\" content=\"Discover how The Salvation Army is making a local impact in Atlantic Canada through programs and partnerships.\" \/>\n<meta property=\"og:url\" content=\"https:\/\/salvationarmy.ca\/atlantic\/\" \/>\n<meta property=\"og:site_name\" content=\"Salvation Army Atlantic\" \/>\n<meta property=\"article:modified_time\" content=\"2026-03-09T15:42:33+00:00\" \/>\n<meta property=\"og:image\" content=\"https:\/\/salvationarmy.ca\/atlantic\/wp-content\/uploads\/sites\/3\/2025\/01\/Atlantic-Division-Banner-1024x530.png\" \/>\n\t<meta property=\"og:image:width\" content=\"1024\" \/>\n\t<meta property=\"og:image:height\" content=\"530\" \/>\n\t<meta property=\"og:image:type\" content=\"image\/png\" \/>\n<meta name=\"twitter:card\" content=\"summary_large_image\" \/>\n<meta name=\"twitter:label1\" content=\"Est. reading time\" \/>\n\t<meta name=\"twitter:data1\" content=\"1 minute\" \/>\n<script type=\"application\/ld+json\" class=\"yoast-schema-graph\">{\"@context\":\"https:\/\/schema.org\",\"@graph\":[{\"@type\":\"WebPage\",\"@id\":\"https:\/\/salvationarmy.ca\/atlantic\/\",\"url\":\"https:\/\/salvationarmy.ca\/atlantic\/\",\"name\":\"Atlantic Homepage - Salvation Army Atlantic\",\"isPartOf\":{\"@id\":\"https:\/\/salvationarmy.ca\/atlantic\/#website\"},\"primaryImageOfPage\":{\"@id\":\"https:\/\/salvationarmy.ca\/atlantic\/#primaryimage\"},\"image\":{\"@id\":\"https:\/\/salvationarmy.ca\/atlantic\/#primaryimage\"},\"thumbnailUrl\":\"https:\/\/salvationarmy.ca\/atlantic\/wp-content\/uploads\/sites\/3\/2025\/01\/Atlantic-Division-Banner.png\",\"datePublished\":\"2025-01-15T13:05:09+00:00\",\"dateModified\":\"2026-03-09T15:42:33+00:00\",\"description\":\"Discover how The Salvation Army is making a local impact in Atlantic Canada through programs and partnerships.\",\"breadcrumb\":{\"@id\":\"https:\/\/salvationarmy.ca\/atlantic\/#breadcrumb\"},\"inLanguage\":\"en-US\",\"potentialAction\":[{\"@type\":\"ReadAction\",\"target\":[\"https:\/\/salvationarmy.ca\/atlantic\/\"]}]},{\"@type\":\"ImageObject\",\"inLanguage\":\"en-US\",\"@id\":\"https:\/\/salvationarmy.ca\/atlantic\/#primaryimage\",\"url\":\"https:\/\/salvationarmy.ca\/atlantic\/wp-content\/uploads\/sites\/3\/2025\/01\/Atlantic-Division-Banner.png\",\"contentUrl\":\"https:\/\/salvationarmy.ca\/atlantic\/wp-content\/uploads\/sites\/3\/2025\/01\/Atlantic-Division-Banner.png\",\"width\":2760,\"height\":1428,\"caption\":\"Atlantic Division Banner\"},{\"@type\":\"BreadcrumbList\",\"@id\":\"https:\/\/salvationarmy.ca\/atlantic\/#breadcrumb\",\"itemListElement\":[{\"@type\":\"ListItem\",\"position\":1,\"name\":\"Home\",\"item\":\"https:\/\/salvationarmy.ca\/atlantic\/\"},{\"@type\":\"ListItem\",\"position\":2,\"name\":\"Atlantic Homepage\"}]},{\"@type\":\"WebSite\",\"@id\":\"https:\/\/salvationarmy.ca\/atlantic\/#website\",\"url\":\"https:\/\/salvationarmy.ca\/atlantic\/\",\"name\":\"Salvation Army Atlantic\",\"description\":\"Salvation Army Atlantic Division\",\"potentialAction\":[{\"@type\":\"SearchAction\",\"target\":{\"@type\":\"EntryPoint\",\"urlTemplate\":\"https:\/\/salvationarmy.ca\/atlantic\/?s={search_term_string}\"},\"query-input\":{\"@type\":\"PropertyValueSpecification\",\"valueRequired\":true,\"valueName\":\"search_term_string\"}}],\"inLanguage\":\"en-US\"}]}<\/script>\n<!-- \/ Yoast SEO plugin. -->","yoast_head_json":{"title":"Atlantic Homepage - Salvation Army Atlantic","description":"Discover how The Salvation Army is making a local impact in Atlantic Canada through programs and partnerships.","robots":{"index":"index","follow":"follow","max-snippet":"max-snippet:-1","max-image-preview":"max-image-preview:large","max-video-preview":"max-video-preview:-1"},"canonical":"https:\/\/salvationarmy.ca\/atlantic\/","og_locale":"en_US","og_type":"article","og_title":"Atlantic Homepage - Salvation Army Atlantic","og_description":"Discover how The Salvation Army is making a local impact in Atlantic Canada through programs and partnerships.","og_url":"https:\/\/salvationarmy.ca\/atlantic\/","og_site_name":"Salvation Army Atlantic","article_modified_time":"2026-03-09T15:42:33+00:00","og_image":[{"width":1024,"height":530,"url":"https:\/\/salvationarmy.ca\/atlantic\/wp-content\/uploads\/sites\/3\/2025\/01\/Atlantic-Division-Banner-1024x530.png","type":"image\/png"}],"twitter_card":"summary_large_image","twitter_misc":{"Est. reading time":"1 minute"},"schema":{"@context":"https:\/\/schema.org","@graph":[{"@type":"WebPage","@id":"https:\/\/salvationarmy.ca\/atlantic\/","url":"https:\/\/salvationarmy.ca\/atlantic\/","name":"Atlantic Homepage - Salvation Army Atlantic","isPartOf":{"@id":"https:\/\/salvationarmy.ca\/atlantic\/#website"},"primaryImageOfPage":{"@id":"https:\/\/salvationarmy.ca\/atlantic\/#primaryimage"},"image":{"@id":"https:\/\/salvationarmy.ca\/atlantic\/#primaryimage"},"thumbnailUrl":"https:\/\/salvationarmy.ca\/atlantic\/wp-content\/uploads\/sites\/3\/2025\/01\/Atlantic-Division-Banner.png","datePublished":"2025-01-15T13:05:09+00:00","dateModified":"2026-03-09T15:42:33+00:00","description":"Discover how The Salvation Army is making a local impact in Atlantic Canada through programs and partnerships.","breadcrumb":{"@id":"https:\/\/salvationarmy.ca\/atlantic\/#breadcrumb"},"inLanguage":"en-US","potentialAction":[{"@type":"ReadAction","target":["https:\/\/salvationarmy.ca\/atlantic\/"]}]},{"@type":"ImageObject","inLanguage":"en-US","@id":"https:\/\/salvationarmy.ca\/atlantic\/#primaryimage","url":"https:\/\/salvationarmy.ca\/atlantic\/wp-content\/uploads\/sites\/3\/2025\/01\/Atlantic-Division-Banner.png","contentUrl":"https:\/\/salvationarmy.ca\/atlantic\/wp-content\/uploads\/sites\/3\/2025\/01\/Atlantic-Division-Banner.png","width":2760,"height":1428,"caption":"Atlantic Division Banner"},{"@type":"BreadcrumbList","@id":"https:\/\/salvationarmy.ca\/atlantic\/#breadcrumb","itemListElement":[{"@type":"ListItem","position":1,"name":"Home","item":"https:\/\/salvationarmy.ca\/atlantic\/"},{"@type":"ListItem","position":2,"name":"Atlantic Homepage"}]},{"@type":"WebSite","@id":"https:\/\/salvationarmy.ca\/atlantic\/#website","url":"https:\/\/salvationarmy.ca\/atlantic\/","name":"Salvation Army Atlantic","description":"Salvation Army Atlantic Division","potentialAction":[{"@type":"SearchAction","target":{"@type":"EntryPoint","urlTemplate":"https:\/\/salvationarmy.ca\/atlantic\/?s={search_term_string}"},"query-input":{"@type":"PropertyValueSpecification","valueRequired":true,"valueName":"search_term_string"}}],"inLanguage":"en-US"}]}},"_links":{"self":[{"href":"https:\/\/salvationarmy.ca\/atlantic\/wp-json\/wp\/v2\/pages\/2","targetHints":{"allow":["GET"]}}],"collection":[{"href":"https:\/\/salvationarmy.ca\/atlantic\/wp-json\/wp\/v2\/pages"}],"about":[{"href":"https:\/\/salvationarmy.ca\/atlantic\/wp-json\/wp\/v2\/types\/page"}],"author":[{"embeddable":true,"href":"https:\/\/salvationarmy.ca\/atlantic\/wp-json\/wp\/v2\/users\/5"}],"replies":[{"embeddable":true,"href":"https:\/\/salvationarmy.ca\/atlantic\/wp-json\/wp\/v2\/comments?post=2"}],"version-history":[{"count":0,"href":"https:\/\/salvationarmy.ca\/atlantic\/wp-json\/wp\/v2\/pages\/2\/revisions"}],"wp:featuredmedia":[{"embeddable":true,"href":"https:\/\/salvationarmy.ca\/atlantic\/wp-json\/wp\/v2\/media\/1150"}],"wp:attachment":[{"href":"https:\/\/salvationarmy.ca\/atlantic\/wp-json\/wp\/v2\/media?parent=2"}],"curies":[{"name":"wp","href":"https:\/\/api.w.org\/{rel}","templated":true}]}}